{"id":1907,"date":"2026-04-06T16:58:38","date_gmt":"2026-04-06T16:58:38","guid":{"rendered":"http:\/\/54.92.204.136\/?page_id=1907"},"modified":"2026-04-06T17:06:58","modified_gmt":"2026-04-06T17:06:58","slug":"proyectos_horizonte_senior","status":"publish","type":"page","link":"https:\/\/disruptia.co\/en\/proyectos_horizonte_senior\/","title":{"rendered":"Proyectos_Horizonte_Senior"},"content":{"rendered":"\t\t<div data-elementor-type=\"wp-page\" data-elementor-id=\"1907\" class=\"elementor elementor-1907\" data-elementor-post-type=\"page\">\n\t\t\t\t\t\t<section class=\"elementor-section elementor-top-section elementor-element elementor-element-e41bcf5 elementor-reverse-mobile elementor-reverse-tablet elementor-section-boxed elementor-section-height-default elementor-section-height-default\" data-id=\"e41bcf5\" data-element_type=\"section\">\n\t\t\t\t\t\t<div class=\"elementor-container elementor-column-gap-no\">\n\t\t\t\t\t<div class=\"aux-parallax-section elementor-column elementor-col-100 elementor-top-column elementor-element elementor-element-73ec3c0\" data-id=\"73ec3c0\" data-element_type=\"column\">\n\t\t\t<div class=\"elementor-widget-wrap elementor-element-populated\">\n\t\t\t\t\t\t<div class=\"elementor-element elementor-element-a4b2d86 elementor-widget elementor-widget-image\" data-id=\"a4b2d86\" data-element_type=\"widget\" data-widget_type=\"image.default\">\n\t\t\t\t<div class=\"elementor-widget-container\">\n\t\t\t\t\t\t\t\t\t\t\t\t\t<img fetchpriority=\"high\" decoding=\"async\" width=\"2048\" height=\"515\" src=\"https:\/\/disruptia.co\/wp-content\/uploads\/2026\/04\/HorizontesSenior-Banner-2048x515.png\" class=\"attachment-2048x2048 size-2048x2048 wp-image-1909\" alt=\"\" srcset=\"https:\/\/disruptia.co\/wp-content\/uploads\/2026\/04\/HorizontesSenior-Banner-2048x515.png 2048w, https:\/\/disruptia.co\/wp-content\/uploads\/2026\/04\/HorizontesSenior-Banner-1536x386.png 1536w, https:\/\/disruptia.co\/wp-content\/uploads\/2026\/04\/HorizontesSenior-Banner-18x5.png 18w, https:\/\/disruptia.co\/wp-content\/uploads\/2026\/04\/HorizontesSenior-Banner-200x50.png 200w, https:\/\/disruptia.co\/wp-content\/uploads\/2026\/04\/HorizontesSenior-Banner-600x151.png 600w\" sizes=\"(max-width: 2048px) 100vw, 2048px\" \/>\t\t\t\t\t\t\t\t\t\t\t\t\t<\/div>\n\t\t\t\t<\/div>\n\t\t\t\t\t<\/div>\n\t\t<\/div>\n\t\t\t\t\t<\/div>\n\t\t<\/section>\n\t\t<div class=\"elementor-element elementor-element-5b84ad1 e-flex e-con-boxed e-con e-parent\" data-id=\"5b84ad1\" data-element_type=\"container\">\n\t\t\t\t\t<div class=\"e-con-inner\">\n\t\t\t\t<div class=\"elementor-element elementor-element-5bb16a4 elementor-widget elementor-widget-image\" data-id=\"5bb16a4\" data-element_type=\"widget\" data-widget_type=\"image.default\">\n\t\t\t\t<div class=\"elementor-widget-container\">\n\t\t\t\t\t\t\t\t\t\t\t\t\t<img decoding=\"async\" width=\"1536\" height=\"682\" src=\"https:\/\/disruptia.co\/wp-content\/uploads\/2026\/04\/Que-es-Horizontes_Senios-1536x682.png\" class=\"attachment-1536x1536 size-1536x1536 wp-image-1911\" alt=\"\" srcset=\"https:\/\/disruptia.co\/wp-content\/uploads\/2026\/04\/Que-es-Horizontes_Senios-1536x682.png 1536w, https:\/\/disruptia.co\/wp-content\/uploads\/2026\/04\/Que-es-Horizontes_Senios-2048x909.png 2048w, https:\/\/disruptia.co\/wp-content\/uploads\/2026\/04\/Que-es-Horizontes_Senios-18x8.png 18w, https:\/\/disruptia.co\/wp-content\/uploads\/2026\/04\/Que-es-Horizontes_Senios-200x89.png 200w, https:\/\/disruptia.co\/wp-content\/uploads\/2026\/04\/Que-es-Horizontes_Senios-600x266.png 600w\" sizes=\"(max-width: 1536px) 100vw, 1536px\" \/>\t\t\t\t\t\t\t\t\t\t\t\t\t<\/div>\n\t\t\t\t<\/div>\n\t\t\t\t\t<\/div>\n\t\t\t\t<\/div>\n\t\t<div class=\"elementor-element elementor-element-2a692b4 e-flex e-con-boxed e-con e-parent\" data-id=\"2a692b4\" data-element_type=\"container\">\n\t\t\t\t\t<div class=\"e-con-inner\">\n\t\t\t\t<div class=\"elementor-element elementor-element-061cb1c elementor-widget elementor-widget-image\" data-id=\"061cb1c\" data-element_type=\"widget\" data-widget_type=\"image.default\">\n\t\t\t\t<div class=\"elementor-widget-container\">\n\t\t\t\t\t\t\t\t\t\t\t\t\t<img decoding=\"async\" width=\"1536\" height=\"819\" src=\"https:\/\/disruptia.co\/wp-content\/uploads\/2026\/04\/categorias_HorizontesSenior-1536x819.png\" class=\"attachment-1536x1536 size-1536x1536 wp-image-1912\" alt=\"\" srcset=\"https:\/\/disruptia.co\/wp-content\/uploads\/2026\/04\/categorias_HorizontesSenior-1536x819.png 1536w, https:\/\/disruptia.co\/wp-content\/uploads\/2026\/04\/categorias_HorizontesSenior-2048x1093.png 2048w, https:\/\/disruptia.co\/wp-content\/uploads\/2026\/04\/categorias_HorizontesSenior-18x10.png 18w, https:\/\/disruptia.co\/wp-content\/uploads\/2026\/04\/categorias_HorizontesSenior-200x107.png 200w, https:\/\/disruptia.co\/wp-content\/uploads\/2026\/04\/categorias_HorizontesSenior-600x320.png 600w\" sizes=\"(max-width: 1536px) 100vw, 1536px\" \/>\t\t\t\t\t\t\t\t\t\t\t\t\t<\/div>\n\t\t\t\t<\/div>\n\t\t\t\t\t<\/div>\n\t\t\t\t<\/div>\n\t\t<div class=\"elementor-element elementor-element-7b73438 e-flex e-con-boxed e-con e-parent\" data-id=\"7b73438\" data-element_type=\"container\">\n\t\t\t\t\t<div class=\"e-con-inner\">\n\t\t\t\t<div class=\"elementor-element elementor-element-4087b8d elementor-widget elementor-widget-image\" data-id=\"4087b8d\" data-element_type=\"widget\" data-widget_type=\"image.default\">\n\t\t\t\t<div class=\"elementor-widget-container\">\n\t\t\t\t\t\t\t\t\t\t\t\t\t<img loading=\"lazy\" decoding=\"async\" width=\"1536\" height=\"607\" src=\"https:\/\/disruptia.co\/wp-content\/uploads\/2026\/04\/horizontes-senior-info-1536x607.png\" class=\"attachment-1536x1536 size-1536x1536 wp-image-1913\" alt=\"\" srcset=\"https:\/\/disruptia.co\/wp-content\/uploads\/2026\/04\/horizontes-senior-info-1536x607.png 1536w, https:\/\/disruptia.co\/wp-content\/uploads\/2026\/04\/horizontes-senior-info-2048x809.png 2048w, https:\/\/disruptia.co\/wp-content\/uploads\/2026\/04\/horizontes-senior-info-18x7.png 18w, https:\/\/disruptia.co\/wp-content\/uploads\/2026\/04\/horizontes-senior-info-200x79.png 200w, https:\/\/disruptia.co\/wp-content\/uploads\/2026\/04\/horizontes-senior-info-600x237.png 600w\" sizes=\"(max-width: 1536px) 100vw, 1536px\" \/>\t\t\t\t\t\t\t\t\t\t\t\t\t<\/div>\n\t\t\t\t<\/div>\n\t\t\t\t\t<\/div>\n\t\t\t\t<\/div>\n\t\t<div class=\"elementor-element elementor-element-777c855 e-flex e-con-boxed e-con e-parent\" data-id=\"777c855\" data-element_type=\"container\">\n\t\t\t\t\t<div class=\"e-con-inner\">\n\t\t\t\t<div class=\"elementor-element elementor-element-b6256fc elementor-widget-divider--view-line elementor-widget elementor-widget-divider\" data-id=\"b6256fc\" data-element_type=\"widget\" data-widget_type=\"divider.default\">\n\t\t\t\t<div class=\"elementor-widget-container\">\n\t\t\t\t\t<div class=\"elementor-divider\">\n\t\t\t<span class=\"elementor-divider-separator\">\n\t\t\t\t\t\t<\/span>\n\t\t<\/div>\n\t\t\t\t<\/div>\n\t\t\t\t<\/div>\n\t\t\t\t<div class=\"elementor-element elementor-element-175aadc elementor-widget elementor-widget-heading\" data-id=\"175aadc\" data-element_type=\"widget\" data-widget_type=\"heading.default\">\n\t\t\t\t<div class=\"elementor-widget-container\">\n\t\t\t<h2 class=\"elementor-heading-title elementor-size-default\">Aliados<\/h2>\t\t<\/div>\n\t\t\t\t<\/div>\n\t\t\t\t<div class=\"elementor-element elementor-element-3d9c5a0 elementor-widget elementor-widget-image\" data-id=\"3d9c5a0\" data-element_type=\"widget\" data-widget_type=\"image.default\">\n\t\t\t\t<div class=\"elementor-widget-container\">\n\t\t\t\t\t\t\t\t\t\t\t\t\t<img loading=\"lazy\" decoding=\"async\" width=\"1536\" height=\"311\" src=\"https:\/\/disruptia.co\/wp-content\/uploads\/2026\/04\/Captura-de-pantalla-2026-04-06-a-las-12.05.57\u202fp.-m-1536x311.png\" class=\"attachment-1536x1536 size-1536x1536 wp-image-1914\" alt=\"\" srcset=\"https:\/\/disruptia.co\/wp-content\/uploads\/2026\/04\/Captura-de-pantalla-2026-04-06-a-las-12.05.57\u202fp.-m-1536x311.png 1536w, https:\/\/disruptia.co\/wp-content\/uploads\/2026\/04\/Captura-de-pantalla-2026-04-06-a-las-12.05.57\u202fp.-m-2048x415.png 2048w, https:\/\/disruptia.co\/wp-content\/uploads\/2026\/04\/Captura-de-pantalla-2026-04-06-a-las-12.05.57\u202fp.-m-18x4.png 18w, https:\/\/disruptia.co\/wp-content\/uploads\/2026\/04\/Captura-de-pantalla-2026-04-06-a-las-12.05.57\u202fp.-m-200x41.png 200w, https:\/\/disruptia.co\/wp-content\/uploads\/2026\/04\/Captura-de-pantalla-2026-04-06-a-las-12.05.57\u202fp.-m-600x122.png 600w\" sizes=\"(max-width: 1536px) 100vw, 1536px\" \/>\t\t\t\t\t\t\t\t\t\t\t\t\t<\/div>\n\t\t\t\t<\/div>\n\t\t\t\t\t<\/div>\n\t\t\t\t<\/div>\n\t\t<div class=\"elementor-element elementor-element-b58e7a2 e-flex e-con-boxed e-con e-parent\" data-id=\"b58e7a2\" data-element_type=\"container\">\n\t\t\t\t\t<div class=\"e-con-inner\">\n\t\t\t\t<div class=\"elementor-element elementor-element-fa49aed elementor-widget elementor-widget-heading\" data-id=\"fa49aed\" data-element_type=\"widget\" data-widget_type=\"heading.default\">\n\t\t\t\t<div class=\"elementor-widget-container\">\n\t\t\t<h2 class=\"elementor-heading-title elementor-size-default\">\u00bfTienes alg\u00fan proyecto de empleabilidad?<\/h2>\t\t<\/div>\n\t\t\t\t<\/div>\n\t\t\t\t\t<\/div>\n\t\t\t\t<\/div>\n\t\t<div class=\"elementor-element elementor-element-41c1f73 e-flex e-con-boxed e-con e-parent\" data-id=\"41c1f73\" data-element_type=\"container\">\n\t\t\t\t\t<div class=\"e-con-inner\">\n\t\t\t\t<div class=\"elementor-element elementor-element-28aedf2 elementor-widget elementor-widget-heading\" data-id=\"28aedf2\" data-element_type=\"widget\" data-widget_type=\"heading.default\">\n\t\t\t\t<div class=\"elementor-widget-container\">\n\t\t\t<h2 class=\"elementor-heading-title elementor-size-default\">Comparte tu reto con nosotros<\/h2>\t\t<\/div>\n\t\t\t\t<\/div>\n\t\t\t\t\t<\/div>\n\t\t\t\t<\/div>\n\t\t<div class=\"elementor-element elementor-element-6586be1 e-flex e-con-boxed e-con e-parent\" data-id=\"6586be1\" data-element_type=\"container\">\n\t\t\t\t\t<div class=\"e-con-inner\">\n\t\t\t\t<div class=\"elementor-element elementor-element-f96e856 elementor-widget elementor-widget-text-editor\" data-id=\"f96e856\" data-element_type=\"widget\" id=\"formcapacidad\" data-widget_type=\"text-editor.default\">\n\t\t\t\t<div class=\"elementor-widget-container\">\n\t\t\t\t\t\t\t<p><span style=\"font-weight: 400;\">D\u00e9janos tus datos y cu\u00e9ntanos qu\u00e9 desaf\u00edos est\u00e1s enfrentando.\u00a0<\/span><\/p><p><span style=\"font-weight: 400;\">\u2705 <\/span><i><span style=\"font-weight: 400;\">Nos pondremos en contacto contigo en m\u00e1ximo 48 horas.<\/span><\/i><\/p>\t\t\t\t\t\t<\/div>\n\t\t\t\t<\/div>\n\t\t\t\t\t<\/div>\n\t\t\t\t<\/div>\n\t\t<div class=\"elementor-element elementor-element-f18a24a e-flex e-con-boxed e-con e-parent\" data-id=\"f18a24a\" data-element_type=\"container\">\n\t\t\t\t\t<div class=\"e-con-inner\">\n\t\t\t\t<div class=\"elementor-element elementor-element-565ea5f elementor-widget elementor-widget-html\" data-id=\"565ea5f\" data-element_type=\"widget\" data-widget_type=\"html.default\">\n\t\t\t\t<div class=\"elementor-widget-container\">\n\t\t\t<link href=\"https:\/\/fonts.googleapis.com\/css2?family=Montserrat:wght@400;700&display=swap\" rel=\"stylesheet\">\n\n<style type='text\/css'>\n    #BiginWebToRecordFormParent6429450000001299010 {\n        padding: 40px 15px !important;\n        display: flex !important;\n        justify-content: center !important;\n        background-color: transparent !important;\n    }\n\n    .wf-wrapper {\n        width: 100% !important;\n        max-width: 550px !important;\n        background-color: #524ed6 !important;\n        border-radius: 45px !important;\n        padding: 50px 40px !important;\n        color: #ffffff !important;\n        box-shadow: 0px 15px 35px rgba(0,0,0,0.2) !important;\n        font-family: 'Montserrat', sans-serif !important;\n    }\n\n    .wf-header {\n        font-size: 50px !important;\n        font-weight: 700 !important;\n        margin-bottom: 10px !important;\n        line-height: 1.1 !important;\n    }\n\n    .wf-sec-desc {\n        font-size: 17px !important;\n        margin-bottom: 35px !important;\n        opacity: 0.9 !important;\n    }\n\n    .wf-label {\n        font-size: 14px !important;\n        margin-bottom: 8px !important;\n        display: block !important;\n    }\n\n    .wf-field-input {\n        width: 100% !important;\n        background-color: #ffffff !important;\n        border: none !important;\n        border-radius: 30px !important;\n        padding: 15px 25px !important;\n        font-size: 16px !important;\n        color: #333 !important;\n        margin-bottom: 5px !important;\n        font-family: 'Montserrat', sans-serif !important;\n    }\n\n    textarea.wf-field-input {\n        border-radius: 25px !important;\n        min-height: 120px !important;\n    }\n\n    #formsubmit {\n        background-color: #f3cf46 !important;\n        color: #000000 !important;\n        border: none !important;\n        padding: 15px 45px !important;\n        border-radius: 15px !important;\n        font-weight: 700 !important;\n        cursor: pointer !important;\n        margin-top: 20px !important;\n        font-family: 'Montserrat', sans-serif !important;\n    }\n\n    .wf-field-error { color: #ffb4b4; font-size: 12px; margin-top: 4px; }\n\n    @media screen and (max-width: 480px) {\n        .wf-header { font-size: 32px !important; }\n    }\n<\/style>\n\n<div class='wf-parent' id='BiginWebToRecordFormParent6429450000001299010'>\n    <div class='wf-wrapper' id='BiginWebToRecordFormDiv6429450000001299010'>\n        <iframe id='hidden6429450000001299010Frame' name='hidden6429450000001299010Frame' style='display: none;'><\/iframe>\n\n        <form id='BiginWebToRecordForm6429450000001299010' name='BiginWebToRecordForm6429450000001299010' method='POST' enctype='multipart\/form-data' target='hidden6429450000001299010Frame' onSubmit='javascript:document.charset=\"UTF-8\"; return validateForm6429450000001299010()' accept-charset='UTF-8'>\n            \n            <input type='text' style='display:none;' name='xnQsjsdp' value='8593a1a62150d5c65ea10795df0a77c3e1a060c8683d627c30f78d173bd1ee4d'\/>\n            <input type='hidden' name='zc_gad' id='zc_gad' value=''\/>\n            <input type='text' style='display:none;' name='xmIwtLD' value='c4206209fc409af1bcd982b6b5589efa19e6a482d5374b9159ee47845b29927c8fa05bf231ab887173ff2f908d5f3d45'\/>\n            <input type='text' style='display:none;' name='actionType' value='UG90ZW50aWFscw=='\/>\n            <input type='hidden' name='rmsg' id='rmsg' value='true'\/>\n            <input type='text' style='display:none;' name='returnURL' value='null' \/>\n\n            <div class='wf-header'>Cont\u00e1ctanos<\/div>\n            <p class='wf-sec-desc'>Comp\u00e1rtenos tus datos y podr\u00e1s realizar el diagn\u00f3stico de tu empresa totalmente gratis.<\/p>\n\n            <div class='wf-row'>\n                <div class='wf-label'>Nombre de la Empresa<\/div>\n                <div class='wf-field'><input name='Potential Name' type='text' class='wf-field-input' oninput='removeError(this)'\/><\/div>\n            <\/div>\n            <div class='wf-row'>\n                <div class='wf-label'>Nombre<\/div>\n                <div class='wf-field'><input name='Contacts.First Name' type='text' class='wf-field-input' oninput='removeError(this)'\/><\/div>\n            <\/div>\n            <div class='wf-row'>\n                <div class='wf-label'>Apellidos<\/div>\n                <div class='wf-field'><input name='Contacts.Last Name' type='text' class='wf-field-input' oninput='removeError(this)'\/><\/div>\n            <\/div>\n            <div class='wf-row'>\n                <div class='wf-label'>Tel\u00e9fono de contacto<\/div>\n                <div class='wf-field'><input fvalidate='true' ftype='mobile' name='Contacts.Phone' type='text' class='wf-field-input' oninput='removeError(this)'\/><\/div>\n            <\/div>\n            <div class='wf-row'>\n                <div class='wf-label'>Correo electr\u00f3nico<\/div>\n                <div class='wf-field'><input fvalidate='true' ftype='email' name='Contacts.Email' type='text' class='wf-field-input' oninput='removeError(this)'\/><\/div>\n            <\/div>\n            <div class='wf-row'>\n                <div class='wf-label'>Describe el reto...<\/div>\n                <div class='wf-field'><textarea name='Description' class='wf-field-input' oninput='removeError(this)'><\/textarea><\/div>\n            <\/div>\n\n            <select name='Pipeline' style='display:none;'><option selected value='Sales Pipeline Est\u00e1ndar'><\/option><\/select>\n            <select name='Stage' style='display:none;'><option selected value='Clasificaci\u00f3n'><\/option><\/select>\n\n            <div class='wform-btn-wrap'>\n                <input id='formsubmit' type='submit' value='Submit'\/>\n            <\/div>\n        <\/form>\n    <\/div>\n<\/div>\n\n<script>\n    var mndFileds=new Array('Potential Name','Contacts.First Name','Contacts.Last Name','Contacts.Phone','Contacts.Email','Description');\n    var fldLangVal=new Array('Nombre de la Empresa','Nombre','Apellidos','Tel\u00e9fono','Email','Descripci\u00f3n');\n\n    function removeError(fieldObj) {\n        var parent = fieldObj.closest('.wf-field');\n        var err = parent.querySelector('.wf-error-parent-ele');\n        if(err) err.remove();\n    }\n\n    function setError(fieldObj, label) {\n        var parent = fieldObj.closest('.wf-field');\n        if(!parent.querySelector('.wf-error-parent-ele')) {\n            var div = document.createElement('div');\n            div.className = 'wf-error-parent-ele';\n            div.innerHTML = \"<span class='wf-field-error'>\" + label + \"<\/span>\";\n            parent.appendChild(div);\n        }\n    }\n\n    function validateForm6429450000001299010() {\n        var isReturn = true;\n        var form = document.forms['BiginWebToRecordForm6429450000001299010'];\n        \n        for(i=0; i<mndFileds.length; i++) {\n            var fieldObj = form[mndFileds[i]];\n            if(fieldObj && fieldObj.value.replace(\/^\\s+|\\s+$\/g, '').length==0) {\n                setError(fieldObj, fldLangVal[i] + ' no puede estar vac\u00edo');\n                isReturn = false;\n            }\n        }\n\n        var emails = form.querySelectorAll('[ftype=email]');\n        for (var i = 0; i < emails.length; i++) {\n            var val = emails[i].value;\n            if (val !== '' && !val.match(\/^([A-Za-z0-9-._%'+\/]+@[A-Za-z0-9.-]+\\.[a-zA-Z]{2,22})$\/)) {\n                setError(emails[i], 'Email no v\u00e1lido');\n                isReturn = false;\n            }\n        }\n\n        if(isReturn) document.getElementById('formsubmit').disabled = true;\n        return isReturn;\n    }\n\n    document.getElementById('hidden6429450000001299010Frame').addEventListener('load', function () {\n        alert('Mensaje enviado correctamente.');\n        document.getElementById('BiginWebToRecordForm6429450000001299010').reset();\n        document.getElementById('formsubmit').disabled = false;\n    });\n<\/script>\t\t<\/div>\n\t\t\t\t<\/div>\n\t\t\t\t\t<\/div>\n\t\t\t\t<\/div>\n\t\t\t\t<\/div>\n\t\t","protected":false},"excerpt":{"rendered":"<p>Aliados \u00bfTienes alg\u00fan proyecto de empleabilidad? Comparte tu reto con nosotros D\u00e9janos tus datos y cu\u00e9ntanos qu\u00e9 desaf\u00edos est\u00e1s enfrentando.\u00a0 \u2705 Nos pondremos en contacto contigo en m\u00e1ximo 48 horas. Cont\u00e1ctanos Comp\u00e1rtenos tus datos y podr\u00e1s realizar el diagn\u00f3stico de tu empresa totalmente gratis. Nombre de la Empresa Nombre Apellidos Tel\u00e9fono de contacto Correo electr\u00f3nico [&hellip;]<\/p>\n","protected":false},"author":1,"featured_media":0,"parent":0,"menu_order":0,"comment_status":"closed","ping_status":"closed","template":"","meta":{"_monsterinsights_skip_tracking":false,"_monsterinsights_sitenote_active":false,"_monsterinsights_sitenote_note":"","_monsterinsights_sitenote_category":0,"footnotes":""},"class_list":["post-1907","page","type-page","status-publish","hentry"],"_links":{"self":[{"href":"https:\/\/disruptia.co\/en\/wp-json\/wp\/v2\/pages\/1907","targetHints":{"allow":["GET"]}}],"collection":[{"href":"https:\/\/disruptia.co\/en\/wp-json\/wp\/v2\/pages"}],"about":[{"href":"https:\/\/disruptia.co\/en\/wp-json\/wp\/v2\/types\/page"}],"author":[{"embeddable":true,"href":"https:\/\/disruptia.co\/en\/wp-json\/wp\/v2\/users\/1"}],"replies":[{"embeddable":true,"href":"https:\/\/disruptia.co\/en\/wp-json\/wp\/v2\/comments?post=1907"}],"version-history":[{"count":4,"href":"https:\/\/disruptia.co\/en\/wp-json\/wp\/v2\/pages\/1907\/revisions"}],"predecessor-version":[{"id":1918,"href":"https:\/\/disruptia.co\/en\/wp-json\/wp\/v2\/pages\/1907\/revisions\/1918"}],"wp:attachment":[{"href":"https:\/\/disruptia.co\/en\/wp-json\/wp\/v2\/media?parent=1907"}],"curies":[{"name":"wp","href":"https:\/\/api.w.org\/{rel}","templated":true}]}}